{"id":18,"date":"2025-11-05T21:51:05","date_gmt":"2025-11-05T13:51:05","guid":{"rendered":"http:\/\/drakum.de\/?page_id=18"},"modified":"2025-11-14T08:11:59","modified_gmt":"2025-11-14T07:11:59","slug":"impressum","status":"publish","type":"page","link":"https:\/\/drakum.de\/index.php\/impressum\/","title":{"rendered":"Impressum"},"content":{"rendered":"\t\t<div data-elementor-type=\"wp-page\" data-elementor-id=\"18\" class=\"elementor elementor-18\">\n\t\t\t\t<div class=\"elementor-element elementor-element-f950bc7 e-flex e-con-boxed e-con e-parent\" data-id=\"f950bc7\" data-element_type=\"container\">\n\t\t\t\t\t<div class=\"e-con-inner\">\n\t\t\t\t<div class=\"elementor-element elementor-element-03cc9b2 elementor-widget elementor-widget-text-editor\" data-id=\"03cc9b2\" data-element_type=\"widget\" data-widget_type=\"text-editor.default\">\n\t\t\t\t\t\t\t\t\t<p>Ernst Winter<\/p><p>Poppenheimer Str. 21B<\/p><p>64560 Riedstadt<\/p><p>Tel. 0152-51061211<\/p><table width=\"72\"><tbody><tr><td>E-Mail: admin@drakum.de<\/td><\/tr><tr><td>\u00a0<\/td><\/tr><tr><td>\u00a0<\/td><\/tr><\/tbody><\/table><table width=\"72\"><tbody><tr><td>Haftung f\u00fcr Links<\/td><\/tr><tr><td>Unser Angebot enth\u00e4lt Links zu externen Websites Dritter, auf deren Inhalte wir keinen Einfluss haben. Deshalb k\u00f6nnen wir f\u00fcr diese fremden Inhalte auch keine Gew\u00e4hr \u00fcbernehmen. F\u00fcr die Inhalte der verlinkten Seiten ist stets der jeweilige Anbieter oder Betreiber der Seiten verantwortlich. Die verlinkten Seiten wurden zum Zeitpunkt der Verlinkung auf m\u00f6gliche Rechtsverst\u00f6\u00dfe \u00fcberpr\u00fcft. Rechtswidrige Inhalte waren zum Zeitpunkt der Verlinkung nicht erkennbar.<\/td><\/tr><tr><td>\u00a0<\/td><\/tr><tr><td>Eine permanente inhaltliche Kontrolle der verlinkten Seiten ist jedoch ohne konkrete Anhaltspunkte einer Rechtsverletzung nicht zumutbar. Bei Bekanntwerden von Rechtsverletzungen werden wir derartige Links umgehend entfernen.<\/td><\/tr><tr><td>\u00a0<\/td><\/tr><tr><td>Urheberrecht<\/td><\/tr><tr><td>Die durch die Seitenbetreiber erstellten Inhalte und Werke auf diesen Seiten unterliegen dem deutschen Urheberrecht. Die Vervielf\u00e4ltigung, Bearbeitung, Verbreitung und jede Art der Verwertung au\u00dferhalb der Grenzen des Urheberrechtes bed\u00fcrfen der schriftlichen Zustimmung des jeweiligen Autors bzw. Erstellers. Downloads und Kopien dieser Seite sind nur f\u00fcr den privaten, nicht kommerziellen Gebrauch gestattet.<\/td><\/tr><tr><td>\u00a0<\/td><\/tr><tr><td>Soweit die Inhalte auf dieser Seite nicht vom Betreiber erstellt wurden, werden die Urheberrechte Dritter beachtet. Insbesondere werden Inhalte Dritter als solche gekennzeichnet. Sollten Sie trotzdem auf eine Urheberrechtsverletzung aufmerksam werden, bitten wir um einen entsprechenden Hinweis. Bei Bekanntwerden von Rechtsverletzungen werden wir derartige Inhalte umgehend entfernen.<\/td><\/tr><tr><td>\u00a0<\/td><\/tr><tr><td>Fotografien<\/td><\/tr><tr><td>Im Rahmen der Projektpr\u00e4sentationen auf unsere Seite verwenden wir z.T. originale Fotografien unserer Kunden, die uns mit freundlicher Genehmigung f\u00fcr die Verwendung auf unserer Seite bereitgestellt wurden. Hierf\u00fcr bedanken wir uns herzlich. Die Rechte bleiben bei unseren Kunden sowie je nach Lizenzmodell ggf. zudem bei den von Ihnen beauftragten Fotografen. Eine Vervielf\u00e4ltigung, Bearbeitung, Verbreitung und jegliche Art der Verwertung bedarf der schriftlichen Zustimmung des jeweiligen Rechteinhabers.<\/td><\/tr><\/tbody><\/table><p>\u00a0<\/p>\t\t\t\t\t\t\t\t<\/div>\n\t\t\t\t\t<\/div>\n\t\t\t\t<\/div>\n\t\t\t\t<\/div>\n\t\t","protected":false},"excerpt":{"rendered":"<p>Ernst Winter Poppenheimer Str. 21B 64560 Riedstadt Tel. 0152-51061211 E-Mail: admin@drakum.de \u00a0 \u00a0 Haftung f\u00fcr&#8230;<\/p>\n","protected":false},"author":1,"featured_media":0,"parent":0,"menu_order":0,"comment_status":"closed","ping_status":"closed","template":"","meta":{"footnotes":""},"class_list":["post-18","page","type-page","status-publish","hentry"],"_links":{"self":[{"href":"https:\/\/drakum.de\/index.php\/wp-json\/wp\/v2\/pages\/18","targetHints":{"allow":["GET"]}}],"collection":[{"href":"https:\/\/drakum.de\/index.php\/wp-json\/wp\/v2\/pages"}],"about":[{"href":"https:\/\/drakum.de\/index.php\/wp-json\/wp\/v2\/types\/page"}],"author":[{"embeddable":true,"href":"https:\/\/drakum.de\/index.php\/wp-json\/wp\/v2\/users\/1"}],"replies":[{"embeddable":true,"href":"https:\/\/drakum.de\/index.php\/wp-json\/wp\/v2\/comments?post=18"}],"version-history":[{"count":10,"href":"https:\/\/drakum.de\/index.php\/wp-json\/wp\/v2\/pages\/18\/revisions"}],"predecessor-version":[{"id":135,"href":"https:\/\/drakum.de\/index.php\/wp-json\/wp\/v2\/pages\/18\/revisions\/135"}],"wp:attachment":[{"href":"https:\/\/drakum.de\/index.php\/wp-json\/wp\/v2\/media?parent=18"}],"curies":[{"name":"wp","href":"https:\/\/api.w.org\/{rel}","templated":true}]}}