{"id":3,"date":"2025-11-05T20:57:13","date_gmt":"2025-11-05T12:57:13","guid":{"rendered":"http:\/\/drakum.de\/?page_id=3"},"modified":"2025-11-05T21:50:16","modified_gmt":"2025-11-05T13:50:16","slug":"privacy-policy","status":"publish","type":"page","link":"https:\/\/drakum.de\/index.php\/privacy-policy\/","title":{"rendered":"Datenschutzrichtlinie"},"content":{"rendered":"\t\t<div data-elementor-type=\"wp-page\" data-elementor-id=\"3\" class=\"elementor elementor-3\">\n\t\t\t\t<div class=\"elementor-element elementor-element-382e40c e-flex e-con-boxed e-con e-parent\" data-id=\"382e40c\" data-element_type=\"container\">\n\t\t\t\t\t<div class=\"e-con-inner\">\n\t\t\t\t<div class=\"elementor-element elementor-element-7665ee60 elementor-widget elementor-widget-text-editor\" data-id=\"7665ee60\" data-element_type=\"widget\" data-widget_type=\"text-editor.default\">\n\t\t\t\t\t\t\t\t\t\n<h2 class=\"wp-block-heading\"><span><i class=\"fas fa-arrow-right\"><\/i><\/span> <\/h2>\n\n\n\n<p><\/p>\n\t\t\t\t\t\t\t\t<\/div>\n\t\t\t\t\t<\/div>\n\t\t\t\t<\/div>\n\t\t<div class=\"elementor-element elementor-element-4fb01cf e-flex e-con-boxed e-con e-parent\" data-id=\"4fb01cf\" data-element_type=\"container\">\n\t\t\t\t\t<div class=\"e-con-inner\">\n\t\t\t\t<div class=\"elementor-element elementor-element-f8d6e9a elementor-widget elementor-widget-text-editor\" data-id=\"f8d6e9a\" data-element_type=\"widget\" data-widget_type=\"text-editor.default\">\n\t\t\t\t\t\t\t\t\t<p><strong>Wer wir sind<\/strong><\/p>\n<p>Empfohlener Text: Unsere Website-Adresse ist: <a class=\"\" href=\"http:\/\/drakum.de\/\" target=\"_blank\" rel=\"noopener noreferrer\">http:\/\/drakum.de<\/a>.<\/p>\n<p><strong>Kommentare<\/strong><\/p>\n<p>Empfohlener Text: Wenn Besucher Kommentare hinterlassen, sammeln wir die Daten, die im Kommentarformular angezeigt werden, sowie die IP-Adresse des Besuchers und die User-Agent-Zeichenfolge des Browsers, um Spam-Kommentare zu \u00fcberpr\u00fcfen.<\/p>\n<p>Ein anonymisierter String, der aus Ihrer E-Mail-Adresse generiert wird (auch als Hash bekannt), kann an den Gravatar-Dienst weitergegeben werden, um zu \u00fcberpr\u00fcfen, ob Sie diesen Dienst nutzen. Die Datenschutzrichtlinie des Gravatar-Dienstes finden Sie hier: <a class=\"\" href=\"https:\/\/automattic.com\/privacy\/\" target=\"_blank\" rel=\"noopener noreferrer\">https:\/\/automattic.com\/privacy\/<\/a>. Nach Genehmigung Ihres Kommentars wird Ihr Profilbild neben Ihrem Kommentar \u00f6ffentlich angezeigt.<\/p>\n<p><strong>Medien<\/strong><\/p>\n<p>Empfohlener Text: Wenn Sie Bilder auf diese Website hochladen, sollten Sie vermeiden, Bilder hochzuladen, die mit geografischen Standortinformationen (EXIF GPS) versehen sind. Besucher dieser Website k\u00f6nnen die Standortinformationen aus den Bildern dieser Website herunterladen und extrahieren.<\/p>\n<p><strong>Cookies<\/strong><\/p>\n<p>Empfohlener Text: Wenn Sie einen Kommentar auf unserer Website hinterlassen, k\u00f6nnen Sie ausw\u00e4hlen, ob Sie Cookies verwenden m\u00f6chten, um Ihren Namen, Ihre E-Mail-Adresse und Ihre Website-Adresse zu speichern. Dies dient dazu, Ihnen die Eingabe dieser Informationen bei zuk\u00fcnftigen Kommentaren zu erleichtern. Diese Cookies werden ein Jahr lang gespeichert.<\/p>\n<p>Wenn Sie unsere Anmeldeseite besuchen, setzen wir ein tempor\u00e4res Cookie, um zu \u00fcberpr\u00fcfen, ob Ihr Browser Cookies akzeptiert. Dieses Cookie enth\u00e4lt keine pers\u00f6nlichen Daten und wird verworfen, wenn Sie den Browser schlie\u00dfen.<\/p>\n<p>Wenn Sie sich anmelden, setzen wir mehrere Cookies, um Ihre Anmeldeinformationen und Anzeigeoptionen zu speichern. Anmeldecookies werden zwei Tage lang gespeichert, w\u00e4hrend Anzeigeoptionen-Cookies ein Jahr lang gespeichert werden. Wenn Sie \u201eAngemeldet bleiben\u201c w\u00e4hlen, bleibt Ihr Anmeldestatus zwei Wochen lang erhalten. Wenn Sie sich von Ihrem Konto abmelden, werden die f\u00fcr die Anmeldung verwendeten Cookies entfernt.<\/p>\n<p>Wenn Sie einen Artikel bearbeiten oder ver\u00f6ffentlichen, speichern wir ein zus\u00e4tzliches Cookie in Ihrem Browser. Dieses Cookie enth\u00e4lt keine pers\u00f6nlichen Daten, sondern nur die ID des Artikels, den Sie gerade bearbeitet haben. Dieses Cookie wird einen Tag lang gespeichert.<\/p>\n<p><strong>Eingebettete Inhalte von anderen Websites<\/strong><\/p>\n<p>Empfohlener Text: Artikel auf dieser Website k\u00f6nnen eingebettete Inhalte (z. B. Videos, Bilder, Artikel usw.) enthalten. Das Verhalten von eingebettetem Inhalt von anderen Websites ist dasselbe, als ob Sie diese anderen Websites direkt besuchen.<\/p>\n<p>Diese Websites k\u00f6nnen Daten \u00fcber Sie sammeln, Cookies verwenden, zus\u00e4tzliche Drittanbieter-Tracking-Programme einbetten und Ihre Interaktionen mit diesen eingebetteten Inhalten \u00fcberwachen, einschlie\u00dflich der Verfolgung Ihrer Interaktionen mit den eingebetteten Inhalten, w\u00e4hrend Sie bei diesen Websites ein Konto haben und bei diesen Websites angemeldet sind.<\/p>\n<p><strong>Mit wem teilen wir Ihre Daten<\/strong><\/p>\n<p>Empfohlener Text: Wenn Sie eine Passwortzur\u00fccksetzung anfordern, wird Ihre IP-Adresse in der E-Mail zur Passwortzur\u00fccksetzung enthalten sein.<\/p>\n<p><strong>Wie lange speichern wir Ihre Daten<\/strong><\/p>\n<p>Empfohlener Text: Wenn Sie einen Kommentar hinterlassen, werden der Kommentar und die zugeh\u00f6rigen Metadaten unbegrenzt gespeichert. Wir tun dies, um nachfolgende Kommentare automatisch zu erkennen und zu genehmigen, ohne sie in die Warteschlange f\u00fcr die \u00dcberpr\u00fcfung aufzunehmen.<\/p>\n<p>F\u00fcr registrierte Benutzer dieser Website speichern wir auch die pers\u00f6nlichen Informationen, die Benutzer in ihrem Profil bereitstellen. Alle Benutzer k\u00f6nnen jederzeit ihre pers\u00f6nlichen Informationen einsehen, bearbeiten oder l\u00f6schen (au\u00dfer dem Benutzernamen, der nicht ge\u00e4ndert werden kann); die Site-Administratoren k\u00f6nnen diese Informationen ebenfalls einsehen und bearbeiten.<\/p>\n<p><strong>Welche Rechte haben Sie an Ihren Daten<\/strong><\/p>\n<p>Empfohlener Text: Wenn Sie ein Konto auf dieser Website haben oder Kommentare hinterlassen haben, k\u00f6nnen Sie uns um eine Exportdatei der pers\u00f6nlichen Daten bitten, die wir \u00fcber Sie haben, einschlie\u00dflich aller Daten, die Sie uns bereitgestellt haben. Sie k\u00f6nnen auch verlangen, dass wir alle Ihre pers\u00f6nlichen Daten l\u00f6schen. Dies betrifft nicht die Daten, die wir aus administrativen, rechtlichen oder sicherheitsrelevanten Gr\u00fcnden aufbewahren m\u00fcssen.<\/p>\n<p><strong>Wohin werden Ihre Daten gesendet<\/strong><\/p>\n<p>Empfohlener Text: Besucherkommentare k\u00f6nnen durch einen automatisierten Spam-\u00dcberwachungsdienst \u00fcberpr\u00fcft werden.<\/p>\t\t\t\t\t\t\t\t<\/div>\n\t\t\t\t\t<\/div>\n\t\t\t\t<\/div>\n\t\t\t\t<\/div>\n\t\t","protected":false},"excerpt":{"rendered":"<p>Wer wir sind Empfohlener Text: Unsere Website-Adresse ist: http:\/\/drakum.de. Kommentare Empfohlener Text: Wenn Besucher Kommentare&#8230;<\/p>\n","protected":false},"author":1,"featured_media":0,"parent":0,"menu_order":0,"comment_status":"closed","ping_status":"open","template":"","meta":{"footnotes":""},"class_list":["post-3","page","type-page","status-publish","hentry"],"_links":{"self":[{"href":"https:\/\/drakum.de\/index.php\/wp-json\/wp\/v2\/pages\/3","targetHints":{"allow":["GET"]}}],"collection":[{"href":"https:\/\/drakum.de\/index.php\/wp-json\/wp\/v2\/pages"}],"about":[{"href":"https:\/\/drakum.de\/index.php\/wp-json\/wp\/v2\/types\/page"}],"author":[{"embeddable":true,"href":"https:\/\/drakum.de\/index.php\/wp-json\/wp\/v2\/users\/1"}],"replies":[{"embeddable":true,"href":"https:\/\/drakum.de\/index.php\/wp-json\/wp\/v2\/comments?post=3"}],"version-history":[{"count":4,"href":"https:\/\/drakum.de\/index.php\/wp-json\/wp\/v2\/pages\/3\/revisions"}],"predecessor-version":[{"id":17,"href":"https:\/\/drakum.de\/index.php\/wp-json\/wp\/v2\/pages\/3\/revisions\/17"}],"wp:attachment":[{"href":"https:\/\/drakum.de\/index.php\/wp-json\/wp\/v2\/media?parent=3"}],"curies":[{"name":"wp","href":"https:\/\/api.w.org\/{rel}","templated":true}]}}